{"id":11,"date":"2022-02-28T15:55:56","date_gmt":"2022-02-28T15:55:56","guid":{"rendered":"https:\/\/xn--belgivooroekrane-erb5f.be\/?page_id=11"},"modified":"2023-04-30T17:37:47","modified_gmt":"2023-04-30T17:37:47","slug":"wat-doen-we","status":"publish","type":"page","link":"https:\/\/www.belgi\u00ebvooroekra\u00efne.be\/?page_id=11","title":{"rendered":"Wat doen we?"},"content":{"rendered":"\n<p class=\"has-medium-font-size\"><strong>Burgers &#8211; waar wij ons op richten:<\/strong><\/p>\n\n\n\n<p style=\"font-size:15px\">Het is relatief eenvoudig om het leger te steunen (lees hieronder) maar de burgers bereiken kan moeilijk zijn. Zij hebben verschillende voorzieningen nodig en deze nood zal hoger worden naarmate de oorlog blijft duren. Dat is waar wij ons voor willen inzetten! <\/p>\n\n\n\n<p class=\"has-medium-font-size\"><strong><span style=\"text-decoration: underline;\">Goederen naar de grens rijden <\/span><\/strong><\/p>\n\n\n\n<p style=\"font-size:15px\">We zullen nuttige goederen verzamelen en <strong>deze zelf naar de grens rijden<\/strong>. We proberen deze actie zo goed mogelijk te co\u00f6rdineren en we leren onderweg bij hoe we dit op een effici\u00ebnte manier kunnen doen. Aan de grens staan er verschillende warenhuizen waar we de goederen kunnen gaan leveren. Eens ze daar zijn, komen Oekra\u00efense vrijwilligers ze daar ophalen en verdelen ze deze over Oekra\u00efne. We zullen pas tevreden zijn als we goederen in die warenhuizen hebben gekregen. <br><a rel=\"noreferrer noopener\" href=\"https:\/\/www.xn--belgivooroekrane-erb5f.be\/?page_id=14\" target=\"_blank\">Wil je graag helpen? Kijk dan snel hier wat je kan doen.<\/a> <br><a rel=\"noreferrer noopener\" href=\"https:\/\/www.belgi\u00ebvooroekra\u00efne.be\/?page_id=45\" target=\"_blank\">Lees hier welke goederen we kunnen gebruiken!<\/a><\/p>\n\n\n\n<p><\/p>\n\n\n\n<p class=\"has-medium-font-size\"><strong><span style=\"text-decoration: underline;\">Kalush en omstreken<\/span><\/strong><\/p>\n\n\n\n<p>De aanpassing die we hebben gemaakt is dat we de goederen deels naar Kalush laten brengen vanaf de Poolse grens en een ander deel naar Ivano-Frankivsk. Het deel dat naar Kalush gebracht werd, komt in een verdeelcentrum terecht. Onze familie is daar bij betrokken en helpt de goederen daar te verdelen. Het kinderopvangcentrum zal ook trachten transport tot daar te regelen zodat ze een deel van de goederen kunnen ophalen. Op die manier komt het toch nog op zijn plek terecht, terwijl we ook een ander deel verder helpen. De spullen zijn heel waardevol in Kalush: niet alleen is het een kleiner stadje wat minder snel bevoorrading krijgt vergeleken met de grotere steden. Maar het is ook een deel van Oekra\u00efne in het Westen. Dat wil zeggen dat de vluchtelingen van het Oosten vaak in deze regio belanden. Ze kunnen zo geholpen worden door de lokale bevolking. <\/p>\n\n\n\n<p>Het deel dat naar Ivano-Frankivsk vervoerd wordt, gebeurt door de bekende Oekra\u00efnse bloggers &#8220;Sambursky Family&#8221;. We hebben hen gecontacteerd en aan de grens ontmoet. Ze verdelen in omstreken alle goederen verder over mensen die het nodig hebben. We delen hun verslagen verder op onze social media sites. <\/p>\n\n\n\n<p>Volg al onze updates op deze site en op onze <a rel=\"noreferrer noopener\" href=\"https:\/\/www.belgi\u00ebvooroekra\u00efne.be\/?page_id=59\" target=\"_blank\">social media kanalen!<\/a><br>Je kan ook de <a rel=\"noreferrer noopener\" href=\"https:\/\/www.instagram.com\/sambursky_family\/\" target=\"_blank\">Sambursky familie volgen<\/a>.<\/p>\n\n\n\n<p>Heb je vragen, laat het ons dan gerust weten! Ben je niet zeker of het geld wel naar daar gaat? Dat begrijpen we, het is begrijpelijk om vreemde mensen op het internet meteen te vertrouwen. Je kan ook helpen op andere manieren. <a rel=\"noreferrer noopener\" href=\"https:\/\/www.belgi\u00ebvooroekra\u00efne.be\/?page_id=14\" target=\"_blank\">Kijk daarvoor hier<\/a>.<\/p>\n\n\n\n<p><\/p>\n\n\n\n<p><\/p>\n\n\n\n<p class=\"has-medium-font-size\"><strong>Nog een woordje over het leger<\/strong>:<\/p>\n\n\n\n<p style=\"font-size:15px\">Er is eigenlijk momenteel voor een gemiddelde persoon maar \u00e9\u00e9n manier om het leger te steunen en dat is door geld te schenken. De overheid van Oekra\u00efne zelf heeft hier uitvoerig over gecommuniceerd en het is dus zeer betrouwbaar dat deze fondsen naar de juiste plek gaan. Als je het leger daar wenst te steunen dan kan je altijd daarvoor iets storten.<strong> Wij zullen ons hier dus niet op focussen, maar we staan we 100% achter eender welke steun die aan het leger wordt geboden. <\/strong><br><a rel=\"noreferrer noopener\" href=\"https:\/\/www.xn--belgivooroekrane-erb5f.be\/?page_id=36\" target=\"_blank\">HIER<\/a> vind je alle info om te doneren aan het Oekra\u00efense leger. <\/p>\n","protected":false},"excerpt":{"rendered":"<p>Burgers &#8211; waar wij ons op richten: Het is relatief eenvoudig om het leger te steunen (lees hieronder) maar de burgers bereiken kan moeilijk zijn. Zij hebben verschillende voorzieningen nodig en deze nood zal hoger worden naarmate de oorlog blijft duren. Dat is waar wij ons voor willen inzetten! Goederen naar de grens rijden We &hellip;<\/p>\n<p class=\"read-more\"> <a class=\"\" href=\"https:\/\/www.belgi\u00ebvooroekra\u00efne.be\/?page_id=11\"> <span class=\"screen-reader-text\">Wat doen we?<\/span> Read More &raquo;<\/a><\/p>\n","protected":false},"author":1,"featured_media":0,"parent":0,"menu_order":0,"comment_status":"closed","ping_status":"closed","template":"","meta":{"site-sidebar-layout":"default","site-content-layout":"default","ast-main-header-display":"","ast-hfb-above-header-display":"","ast-hfb-below-header-display":"","ast-hfb-mobile-header-display":"","site-post-title":"","ast-breadcrumbs-content":"","ast-featured-img":"","footer-sml-layout":"","theme-transparent-header-meta":"","adv-header-id-meta":"","stick-header-meta":"","header-above-stick-meta":"","header-main-stick-meta":"","header-below-stick-meta":"","footnotes":""},"class_list":["post-11","page","type-page","status-publish","hentry"],"_links":{"self":[{"href":"https:\/\/www.belgi\u00ebvooroekra\u00efne.be\/index.php?rest_route=\/wp\/v2\/pages\/11","targetHints":{"allow":["GET"]}}],"collection":[{"href":"https:\/\/www.belgi\u00ebvooroekra\u00efne.be\/index.php?rest_route=\/wp\/v2\/pages"}],"about":[{"href":"https:\/\/www.belgi\u00ebvooroekra\u00efne.be\/index.php?rest_route=\/wp\/v2\/types\/page"}],"author":[{"embeddable":true,"href":"https:\/\/www.belgi\u00ebvooroekra\u00efne.be\/index.php?rest_route=\/wp\/v2\/users\/1"}],"replies":[{"embeddable":true,"href":"https:\/\/www.belgi\u00ebvooroekra\u00efne.be\/index.php?rest_route=%2Fwp%2Fv2%2Fcomments&post=11"}],"version-history":[{"count":17,"href":"https:\/\/www.belgi\u00ebvooroekra\u00efne.be\/index.php?rest_route=\/wp\/v2\/pages\/11\/revisions"}],"predecessor-version":[{"id":140,"href":"https:\/\/www.belgi\u00ebvooroekra\u00efne.be\/index.php?rest_route=\/wp\/v2\/pages\/11\/revisions\/140"}],"wp:attachment":[{"href":"https:\/\/www.belgi\u00ebvooroekra\u00efne.be\/index.php?rest_route=%2Fwp%2Fv2%2Fmedia&parent=11"}],"curies":[{"name":"wp","href":"https:\/\/api.w.org\/{rel}","templated":true}]}}